{"id":14,"date":"2022-02-28T16:29:30","date_gmt":"2022-02-28T16:29:30","guid":{"rendered":"https:\/\/www.rifiutionline.net\/?page_id=14"},"modified":"2022-02-28T17:08:47","modified_gmt":"2022-02-28T17:08:47","slug":"caratteristiche","status":"publish","type":"page","link":"https:\/\/www.rifiutionline.net\/?page_id=14","title":{"rendered":"Caratteristiche"},"content":{"rendered":"\n<p><\/p>\n\n\n\n<h2>I punti di forza<\/h2>\n\n\n\n<ul><li><strong>Assenza di licenze software<\/strong><\/li><li><strong>Multipiattaforma (Windows, Mac, Linux)<\/strong><\/li><li><strong>Login via Internet protetto da password da qualunque postazione PC<\/strong><\/li><li><strong>Adeguamento all&#8217;evoluzione normativa<\/strong><\/li><\/ul>\n\n\n\n<p><\/p>\n\n\n\n<h2>Easy to use<\/h2>\n\n\n\n<p>Easy to use = facile da usare; con pochi click l\u2019utente \u00e8 in grado di compilare il registro di carico scarico, sia relativamente alla produzione di rifiuti (movimenti di carico) sia al loro smaltimento (formulari e conseguenti movimenti di scarico). Il tutto tramite un\u2019interfaccia estremamente semplificata, supportata da un comodo help in linea, che illustra passo-passo le operazioni da compiere per effettuare le registrazioni; dall&#8217;interno dello stesso help si possono riprodurre degli intuitivi&nbsp;<a href=\"https:\/\/www.rifiutionline.net\/index.php\/tutorial\">video-tutorial<\/a>&nbsp;corredati da commento vocale, per una visione immediata della sequenza di azioni.<br>A completamento delle maschere di inserimento dati sono previste opzioni di stampa (con anteprima a video) inerenti il registro rifiuti nonch\u00e9 un report con le statistiche dei rifiuti movimentati; in entrambi i casi il risultato dell&#8217;anteprima pu\u00f2 essere inviato direttamente alla stampante oppure scaricato in formato PDF.<\/p>\n\n\n\n<p>Altrettanto utile risulta essere lo&nbsp;<strong>storage in remoto<\/strong>&nbsp;delle scansioni dei formulari, con la possibilit\u00e0 di emetterli a mezzo&nbsp;<strong>stampa su modulo predisposto<\/strong>&nbsp;da tipografia autorizzata (funzionalit\u00e0 a pagamento).<\/p>\n\n\n\n<p>La&nbsp;<strong>stampa del registro<\/strong>&nbsp;<strong>di carico e scarico<\/strong>&nbsp;pu\u00f2 essere eseguita sia in formato verticale che orizzontale. \u00c8 inoltre prevista l&#8217;intestazione di registri in bianco, in formato A4, per la loro successiva vidimazione (a cura dell&#8217;utente) presso l\u2019Ente competente (ad oggi la&nbsp;Camera di Commercio, Industria, Agricoltura e Artigianato territorialmente competente).<br>La&nbsp;<strong>stampa statistiche<\/strong>&nbsp;\u00e8 uno strumento di analisi che, oltre ad elencare i movimenti raggruppandoli per singolo codice CER ed estrapolarne la giacenza, fornisce la possibilit\u00e0 di valutare l&#8217;andamento della produzione, monitorando la quantit\u00e0 di rifiuti prodotti.<br>Un \u201cplus\u201d davvero utile previsto nella stampa statistiche \u00e8 la possibilit\u00e0 di fare l&#8217;export verso file in formato CSV (Campo Separato da Virgola), che pu\u00f2 essere successivamente importato in altri applicativi (es. Excel) per elaborazioni pi\u00f9 sofisticate e complete.<\/p>\n\n\n\n<p><\/p>\n\n\n\n<h2>Errori? No, grazie<\/h2>\n\n\n\n<p>Semplice ma non banale; devo provvedere allo smaltimento dei rifiuti in deposito temporaneo? E&#8217;&nbsp;passato pi\u00f9 tempo del previsto da quando si \u00e8 aggiornato il registro l\u2019ultima volta?<br>Un\u2019accorta gestione di messaggistica (e-mail dirette ad uno o pi\u00f9 referenti, alert sulla homepage) consente all\u2019utilizzatore di A&amp;P Manager di essere avvisato, per esempio, del superamento del tempo a disposizione per l\u2019aggiornamento del registro, oppure del superamento dei limiti imposti per il deposito temporaneo presso l\u2019impianto di produzione dei rifiuti.<\/p>\n","protected":false},"excerpt":{"rendered":"<p>I punti di forza Assenza di licenze software Multipiattaforma (Windows, Mac, Linux) Login via Internet protetto da password da qualunque postazione PC Adeguamento all&#8217;evoluzione normativa Easy to use Easy to use = facile da usare; con pochi click l\u2019utente \u00e8 in grado di compilare il registro di carico scarico, sia relativamente alla produzione di rifiuti [&hellip;]<\/p>\n","protected":false},"author":1,"featured_media":0,"parent":0,"menu_order":0,"comment_status":"closed","ping_status":"closed","template":"","meta":{"_et_pb_use_builder":"off","_et_pb_old_content":"","_et_gb_content_width":"1080"},"_links":{"self":[{"href":"https:\/\/www.rifiutionline.net\/index.php?rest_route=\/wp\/v2\/pages\/14"}],"collection":[{"href":"https:\/\/www.rifiutionline.net\/index.php?rest_route=\/wp\/v2\/pages"}],"about":[{"href":"https:\/\/www.rifiutionline.net\/index.php?rest_route=\/wp\/v2\/types\/page"}],"author":[{"embeddable":true,"href":"https:\/\/www.rifiutionline.net\/index.php?rest_route=\/wp\/v2\/users\/1"}],"replies":[{"embeddable":true,"href":"https:\/\/www.rifiutionline.net\/index.php?rest_route=%2Fwp%2Fv2%2Fcomments&post=14"}],"version-history":[{"count":2,"href":"https:\/\/www.rifiutionline.net\/index.php?rest_route=\/wp\/v2\/pages\/14\/revisions"}],"predecessor-version":[{"id":70,"href":"https:\/\/www.rifiutionline.net\/index.php?rest_route=\/wp\/v2\/pages\/14\/revisions\/70"}],"wp:attachment":[{"href":"https:\/\/www.rifiutionline.net\/index.php?rest_route=%2Fwp%2Fv2%2Fmedia&parent=14"}],"curies":[{"name":"wp","href":"https:\/\/api.w.org\/{rel}","templated":true}]}}