{"id":36,"date":"2022-02-28T16:51:39","date_gmt":"2022-02-28T16:51:39","guid":{"rendered":"https:\/\/www.rifiutionline.net\/?page_id=36"},"modified":"2022-02-28T17:08:53","modified_gmt":"2022-02-28T17:08:53","slug":"domande-e-risposte","status":"publish","type":"page","link":"https:\/\/www.rifiutionline.net\/?page_id=36","title":{"rendered":"Domande e Risposte"},"content":{"rendered":"\n<p><strong>Cosa fa A&amp;P Manager?<\/strong><br>\u00c8 uno strumento che consente l&#8217;inserimento delle registrazioni in ordine conologico, compresi i formulari, per ottenere il registro di carico e scarico rifiuti;<\/p>\n\n\n\n<p><strong>Come si usa?<\/strong><br>Il sistem administrator fornisce le credenziali di accesso (nome utente e password) personalizzate per accedere alla propria area di lavoro privata;<\/p>\n\n\n\n<p><strong>Come si registrano le varie operazioni?<\/strong><br>Sono disponibili dei&nbsp;<a href=\"https:\/\/www.rifiutionline.net\/index.php\/tutorial\">tutorial<\/a>&nbsp;video che illustrano nel dettaglio l&#8217;inserimento dei dati.<\/p>\n\n\n\n<p><strong>Sono previsti strumenti di controllo di ci\u00f2 che \u00e8 stato inserito?<\/strong><br>S\u00ec, sono previste sia l&#8217;elaborazione di stampe di verifica (anteprime in PDF indirizzabili a stampante) che l&#8217;esportazione delle elaborazioni in formato CSV, importabile quindi in Excel;<\/p>\n\n\n\n<p><strong>Quali sono i requisiti hardware e software per il funzionamento del programma?<\/strong><br>Non sono necessari requisiti particolari; per il funzionamento del programma \u00e8 sufficiente un pc con accesso a Internet (consigliata una connessione di tipo ADSL) ed un browser standard (si consiglia l&#8217;uso di Mozilla Firefox).<\/p>\n\n\n\n<p><strong>Come inserisco\/modifico\/cancello un trasportatore\/destinatario\/intermediario non presente in anagrafica?<\/strong><br>L&#8217;inserimento\/modifica\/cancellazione \u00e8 prerogativa dell&#8217;amministratore di sistema, al quale vanno inviati i dati (Ragione sociale, cod. fiscale, indirizzi completi, ruoli svolti) tramite il pulsante &#8220;Segnala Nuova&#8221; della maschera &#8220;ANAGRAFICHE&#8221;.<\/p>\n\n\n\n<p><strong>Come inserisco\/modifico\/cancello un rifiuto nella mia unit\u00e0 locale\/impianto?<\/strong><br>L&#8217;inserimento\/modifica\/cancellazione \u00e8 prerogativa dell&#8217;amministratore di sistema, al quale vanno inviati i dati (Codice CER, eventuale descrizione per i codici terminanti con 99, stato fisico, eventuali classi di pericolo, ) tramite il pulsante &#8220;Segnala Modifica&#8221; da una qualunque delle sottopagine del menu &#8220;I MIEI DATI&#8221;<\/p>\n\n\n\n<p><strong>Come modifico\/cancello una registrazione?<\/strong><br>Per effettuare la modifica di una registrazione \u00e8 sufficiente cliccare sull'&#8221;icona matita&#8221; presente nell&#8217;ultima colonna della griglia dove sono visualizzate le registrazioni\/formulari. La cancellazione invece \u00e8 prerogativa dell&#8217;amministratore di sistema, da richiedere inviando un messaggio tramite il pulsante &#8220;Richiedi cancellazione registrazione&#8221; specificando n. progressivo e data della registrazione scelta, che non deve gi\u00e0 essere stata scaricata. La cancellazione avverr\u00e0 senza verifiche di congruenza.<\/p>\n\n\n\n<p><strong>Quando devo stampare il registro rifiuti?<\/strong><br>La norma prevede l&#8217;obbligo di stampa su richiesta dell&#8217;Organo in fase di controllo, oppure analogamente ai registri IVA (l&#8217;interpretazione pi\u00f9 diffusa suggerisce il 30 aprile dell&#8217;anno successivo). \u00c8 comunque possibile stampare con periodicit\u00e0 inferiori. Pu\u00f2 essere prodotta sia una stampa di prova (in questo caso \u00e8 poi possibile intervenire nuovamente sulle singole operazioni) o una stampa definitiva (che presume la stampa sul cartaceo vidimato e di conseguenza impedisce la successiva modifica di quanto stampato).<\/p>\n","protected":false},"excerpt":{"rendered":"<p>Cosa fa A&amp;P Manager?\u00c8 uno strumento che consente l&#8217;inserimento delle registrazioni in ordine conologico, compresi i formulari, per ottenere il registro di carico e scarico rifiuti; Come si usa?Il sistem administrator fornisce le credenziali di accesso (nome utente e password) personalizzate per accedere alla propria area di lavoro privata; Come si registrano le varie operazioni?Sono [&hellip;]<\/p>\n","protected":false},"author":1,"featured_media":0,"parent":0,"menu_order":0,"comment_status":"closed","ping_status":"closed","template":"","meta":{"_et_pb_use_builder":"off","_et_pb_old_content":"","_et_gb_content_width":"1080"},"_links":{"self":[{"href":"https:\/\/www.rifiutionline.net\/index.php?rest_route=\/wp\/v2\/pages\/36"}],"collection":[{"href":"https:\/\/www.rifiutionline.net\/index.php?rest_route=\/wp\/v2\/pages"}],"about":[{"href":"https:\/\/www.rifiutionline.net\/index.php?rest_route=\/wp\/v2\/types\/page"}],"author":[{"embeddable":true,"href":"https:\/\/www.rifiutionline.net\/index.php?rest_route=\/wp\/v2\/users\/1"}],"replies":[{"embeddable":true,"href":"https:\/\/www.rifiutionline.net\/index.php?rest_route=%2Fwp%2Fv2%2Fcomments&post=36"}],"version-history":[{"count":1,"href":"https:\/\/www.rifiutionline.net\/index.php?rest_route=\/wp\/v2\/pages\/36\/revisions"}],"predecessor-version":[{"id":37,"href":"https:\/\/www.rifiutionline.net\/index.php?rest_route=\/wp\/v2\/pages\/36\/revisions\/37"}],"wp:attachment":[{"href":"https:\/\/www.rifiutionline.net\/index.php?rest_route=%2Fwp%2Fv2%2Fmedia&parent=36"}],"curies":[{"name":"wp","href":"https:\/\/api.w.org\/{rel}","templated":true}]}}