{"id":38,"date":"2022-02-28T16:53:16","date_gmt":"2022-02-28T16:53:16","guid":{"rendered":"https:\/\/www.rifiutionline.net\/?page_id=38"},"modified":"2022-02-28T16:56:20","modified_gmt":"2022-02-28T16:56:20","slug":"home","status":"publish","type":"page","link":"https:\/\/www.rifiutionline.net\/","title":{"rendered":"Home"},"content":{"rendered":"\n<p><\/p>\n\n\n\n<h2 class=\"has-text-align-center\">Descrizione del prodotto<\/h2>\n\n\n\n<p class=\"has-text-align-center\">&nbsp;<strong>A&amp;P Manager<\/strong>&nbsp;\u00e8 l&#8217;innovativa soluzione ideata e realizzata da&nbsp;<strong>A&amp;P Consulting srl, indirizzata esclusivamente ai produttori di rifiuti,&nbsp;<\/strong>per la gestione via web del registro di carico e scarico rifiuti. La semplicit\u00e0 di utilizzo \u00e8 stato il &#8220;focus&#8221; del quale si \u00e8 principalmente tenuto conto durante lo sviluppo dell&#8217;applicativo, in modo da semplificare il pi\u00f9 possibile l&#8217;operazione di inserimento dati da parte dell&#8217;utente. Ecco quindi che, con il supporto di maschere di inserimento dati semplici ed intuitive, l&#8217;utente \u00e8 accompagnato nella registrazione degli elementi utili a generare il registro di carico e scarico rifiuti.<\/p>\n\n\n\n<p><\/p>\n\n\n\n<figure class=\"wp-block-table\"><table><tbody><tr><td class=\"has-text-align-center\" data-align=\"center\"><img loading=\"lazy\" width=\"536\" height=\"438\" class=\"wp-image-41\" style=\"width: 500px;\" src=\"https:\/\/www.rifiutionline.net\/wp-content\/uploads\/2022\/02\/Immagine-LOGIN-2.jpg\" alt=\"\" srcset=\"https:\/\/www.rifiutionline.net\/wp-content\/uploads\/2022\/02\/Immagine-LOGIN-2.jpg 536w, https:\/\/www.rifiutionline.net\/wp-content\/uploads\/2022\/02\/Immagine-LOGIN-2-480x392.jpg 480w\" sizes=\"(min-width: 0px) and (max-width: 480px) 480px, (min-width: 481px) 536px, 100vw\" \/><\/td><td class=\"has-text-align-center\" data-align=\"center\"><img loading=\"lazy\" width=\"1152\" height=\"718\" class=\"wp-image-40\" style=\"width: 500px;\" src=\"https:\/\/www.rifiutionline.net\/wp-content\/uploads\/2022\/02\/Immagine-CARICHI.jpg\" alt=\"\" srcset=\"https:\/\/www.rifiutionline.net\/wp-content\/uploads\/2022\/02\/Immagine-CARICHI.jpg 1152w, https:\/\/www.rifiutionline.net\/wp-content\/uploads\/2022\/02\/Immagine-CARICHI-980x611.jpg 980w, https:\/\/www.rifiutionline.net\/wp-content\/uploads\/2022\/02\/Immagine-CARICHI-480x299.jpg 480w\" sizes=\"(min-width: 0px) and (max-width: 480px) 480px, (min-width: 481px) and (max-width: 980px) 980px, (min-width: 981px) 1152px, 100vw\" \/><\/td><\/tr><\/tbody><\/table><\/figure>\n\n\n\n<p><\/p>\n","protected":false},"excerpt":{"rendered":"<p>Descrizione del prodotto &nbsp;A&amp;P Manager&nbsp;\u00e8 l&#8217;innovativa soluzione ideata e realizzata da&nbsp;A&amp;P Consulting srl, indirizzata esclusivamente ai produttori di rifiuti,&nbsp;per la gestione via web del registro di carico e scarico rifiuti. La semplicit\u00e0 di utilizzo \u00e8 stato il &#8220;focus&#8221; del quale si \u00e8 principalmente tenuto conto durante lo sviluppo dell&#8217;applicativo, in modo da semplificare il pi\u00f9 [&hellip;]<\/p>\n","protected":false},"author":1,"featured_media":0,"parent":0,"menu_order":0,"comment_status":"closed","ping_status":"closed","template":"","meta":{"_et_pb_use_builder":"off","_et_pb_old_content":"","_et_gb_content_width":"1080"},"_links":{"self":[{"href":"https:\/\/www.rifiutionline.net\/index.php?rest_route=\/wp\/v2\/pages\/38"}],"collection":[{"href":"https:\/\/www.rifiutionline.net\/index.php?rest_route=\/wp\/v2\/pages"}],"about":[{"href":"https:\/\/www.rifiutionline.net\/index.php?rest_route=\/wp\/v2\/types\/page"}],"author":[{"embeddable":true,"href":"https:\/\/www.rifiutionline.net\/index.php?rest_route=\/wp\/v2\/users\/1"}],"replies":[{"embeddable":true,"href":"https:\/\/www.rifiutionline.net\/index.php?rest_route=%2Fwp%2Fv2%2Fcomments&post=38"}],"version-history":[{"count":2,"href":"https:\/\/www.rifiutionline.net\/index.php?rest_route=\/wp\/v2\/pages\/38\/revisions"}],"predecessor-version":[{"id":43,"href":"https:\/\/www.rifiutionline.net\/index.php?rest_route=\/wp\/v2\/pages\/38\/revisions\/43"}],"wp:attachment":[{"href":"https:\/\/www.rifiutionline.net\/index.php?rest_route=%2Fwp%2Fv2%2Fmedia&parent=38"}],"curies":[{"name":"wp","href":"https:\/\/api.w.org\/{rel}","templated":true}]}}